{"id":650,"date":"2024-07-19T11:02:43","date_gmt":"2024-07-19T14:02:43","guid":{"rendered":"http:\/\/nandotecno.store\/?post_type=product&#038;p=650"},"modified":"2024-07-19T11:10:13","modified_gmt":"2024-07-19T14:10:13","slug":"tablet-redm-pad-se-grafite-tela-11-4gb-ram-128gb","status":"publish","type":"product","link":"https:\/\/nandotecno.store\/?product=tablet-redm-pad-se-grafite-tela-11-4gb-ram-128gb","title":{"rendered":"Tablet Redm Pad Se Grafite Tela 11 4gb Ram 128gb"},"content":{"rendered":"<div>\n<div class=\"theme-title\">Especifica\u00e7\u00f5es t\u00e9cnicas<\/div>\n<div class=\"-content editor-theme\">\n<p><strong>CPU<\/strong><\/p>\n<p>Qualcomm Snapdragon 680, arquitetura 6nm<\/p>\n<p><strong>Velocidade do Processador<\/strong><\/p>\n<p>2.4GHz<\/p>\n<p><strong>Processador<\/strong><\/p>\n<p>Octa Core<\/p>\n<p><strong>GPU Gr\u00e1fica<\/strong><\/p>\n<p>Qualcomm Adreno? 610<\/p>\n<p><strong>Tamanho do Display<\/strong><\/p>\n<p>11&#8221;<\/p>\n<p><strong>Tecnologia do Display<\/strong><\/p>\n<p>IPS LCD<\/p>\n<p><strong>Taxa de Sensibilidade ao Toque<\/strong><\/p>\n<p>180Hz<\/p>\n<p><strong>Taxa de Atualiza\u00e7\u00e3o da Tela<\/strong><\/p>\n<p>90Hz<\/p>\n<p><strong>Resolu\u00e7\u00e3o<\/strong><\/p>\n<p>1920 x 1200<\/p>\n<p><strong>Resolu\u00e7\u00e3o da C\u00e2mera Frontal<\/strong><\/p>\n<p>5MP, com abertura de f\/2.2 e pixel de 1.12\u00b5m<\/p>\n<p><strong>Resolu\u00e7\u00e3o da C\u00e2mera Traseira<\/strong><\/p>\n<p>8MP, com abertura de f\/2.0 e pixel de 1.12\u00b5m<\/p>\n<p><strong>Propor\u00e7\u00e3o da Tela<\/strong><\/p>\n<p>16:10<\/p>\n<p><strong>Densidade de Pixels<\/strong><\/p>\n<p>207 PPI<\/p>\n<p><strong>Recursos da Tela<\/strong><\/p>\n<p>Taxa de atualiza\u00e7\u00e3o de at\u00e9 90Hz | Rela\u00e7\u00e3o de contraste 1500:1 | Brilho de 400 nits (typ) | Profundidade de cor em 8 bits, 16,7 milh\u00f5es de cores | Modo Leitura<\/p>\n<p><strong>Mem\u00f3ria RAM<\/strong><\/p>\n<p>4GB<\/p>\n<p><strong>Mem\u00f3ria Interna<\/strong><\/p>\n<p>128GB<\/p>\n<p><strong>Conex\u00f5es<\/strong><\/p>\n<p>N\u00e3o suporta<\/p>\n<p><strong>Tipo de Foco (C\u00e2mera Traseira)<\/strong><\/p>\n<p>PDAF<\/p>\n<p><strong>Zoom<\/strong><\/p>\n<p>5x Zoom digital<\/p>\n<p><strong>Resolu\u00e7\u00e3o em Grava\u00e7\u00e3o de V\u00eddeos (C\u00e2mera Frontal)<\/strong><\/p>\n<p>720p em 30 fps | 1080p em 30 fps<\/p>\n<p><strong>Resolu\u00e7\u00e3o em Grava\u00e7\u00e3o de V\u00eddeos (C\u00e2mera Traseira)<\/strong><\/p>\n<p>720p em 30 fps | 1080p em 30 fps<\/p>\n<p><strong>Recursos da C\u00e2mera Frontal<\/strong><\/p>\n<p>Reconhecimento facial | Auto HDR | Temporizador | Selfies autom\u00e1ticas acenando a palma da m\u00e3o | Modo embelezamento<\/p>\n<p><strong>Recursos da C\u00e2mera Traseira<\/strong><\/p>\n<p>Otimiza\u00e7\u00e3o AI em tempo real | Temporizador | Auto HDR | Modo Noturno | Modo V\u00eddeo curto | Leitura de documentos | Efeito Tilt-shift<\/p>\n<p><strong>Reconhecimento Facial<\/strong><\/p>\n<p>Sim<\/p>\n<p><strong>Conector de Entrada<\/strong><\/p>\n<p>Tipo C<\/p>\n<p><strong>Conector Fone de Ouvido 3.5mm<\/strong><\/p>\n<p>Sim<\/p>\n<p><strong>Vers\u00e3o de Bluetooth<\/strong><\/p>\n<p>Bluetooth 5.0<\/p>\n<p><strong>Protocolos Wi-Fi<\/strong><\/p>\n<p>IEEE 802.11 a\/b\/g\/n\/ac<\/p>\n<p><strong>Wi-Fi<\/strong><\/p>\n<p>Wi-Fi 2.4GHz | Wi-Fi 5GHz<\/p>\n<p><strong>Wi-Fi Direct<\/strong><\/p>\n<p>Sim<\/p>\n<p><strong>Wi-Fi Display<\/strong><\/p>\n<p>N\u00e3o<\/p>\n<p><strong>NFC<\/strong><\/p>\n<p>N\u00e3o<\/p>\n<p><strong>Suporte a OTG<\/strong><\/p>\n<p>Sim<\/p>\n<p><strong>Aceler\u00f4metro<\/strong><\/p>\n<p>Sim<\/p>\n<p><strong>Proximidade<\/strong><\/p>\n<p>N\u00e3o<\/p>\n<p><strong>Girosc\u00f3pio<\/strong><\/p>\n<p>N\u00e3o<\/p>\n<p><strong>Controle Remoto iR<\/strong><\/p>\n<p>N\u00e3o<\/p>\n<p><strong>B\u00fassola<\/strong><\/p>\n<p>N\u00e3o<\/p>\n<p><strong>Sensor de Luz Ambiente<\/strong><\/p>\n<p>Sim<\/p>\n<p><strong>Motor de Vibra\u00e7\u00e3o<\/strong><\/p>\n<p>N\u00e3o<\/p>\n<p><strong>Sensor de Impress\u00e3o Digital<\/strong><\/p>\n<p>N\u00e3o<\/p>\n<p><strong>Carregamento sem Fio<\/strong><\/p>\n<p>N\u00e3o<\/p>\n<p><strong>Capacidade da Bateria<\/strong><\/p>\n<p>8000mAh<\/p>\n<p><strong>Pot\u00eancia M\u00e1xima de Carregamento<\/strong><\/p>\n<p>18W. Acompanha dentro da embalagem um carregador de 10W<\/p>\n<p><strong>Outros<\/strong><\/p>\n<p>Sensor Magn\u00e9tico<\/p>\n<p><strong>Som est\u00e9reo<\/strong><\/p>\n<p>Sim, qu\u00e1druplo alto-falante de alta qualidade<\/p>\n<p><strong>Suporte ao Cart\u00e3o de Mem\u00f3ria (MicroSD)<\/strong><\/p>\n<p>At\u00e9 1TB<\/p>\n<p><strong>Conte\u00fado<\/strong><\/p>\n<p>1x Tablet Redmi Pad SE, 1x Carregador USB-A de 10W, 1x Cabo USB-C, 1x Ferramenta Ejetora de Cart\u00e3o SD, Manual e Termo de Garantia<\/p>\n<p><strong>Recursos de \u00c1udio<\/strong><\/p>\n<p>Tecnologia Dolby Atmos | Hi-Res &#8211; \u00c1udio de alta resolu\u00e7\u00e3o<\/p>\n<p><strong>Sistema Operacional<\/strong><\/p>\n<p>Android 13 (MIUI). Sistema operacional devidamente personalizado e otimizado pela Xiaomi com funcionalidades exclusivas<\/p>\n<p><strong>Espessura do Produto<\/strong><\/p>\n<p>0,73 cm<\/p>\n<p><strong>Altura do Produto<\/strong><\/p>\n<p>25,55 cm<\/p>\n<p><strong>Largura do Produto<\/strong><\/p>\n<p>12,7 cm<\/p>\n<p><strong>Peso do Produto<\/strong><\/p>\n<p>0,478 kg<\/p>\n<p><strong>Comprimento da Embalagem<\/strong><\/p>\n<p>26,8 cm<\/p>\n<p><strong>Largura da Embalagem<\/strong><\/p>\n<p>17,8 cm<\/p>\n<p><strong>Altura da Embalagem<\/strong><\/p>\n<p>4,3 cm<\/p>\n<p><strong>Peso da Embalagem<\/strong><\/p>\n<p>0,912 kg<\/p>\n<\/div>\n<\/div>\n<div><\/div>\n<div class=\"theme-title\">Descri\u00e7\u00e3o do produto<\/div>\n<div class=\"-content editor-theme\">\n<p>Bateria duradoura, imagens e \u00e1udio impressionantes em um tablet elegante<\/p>\n<p>Imagens vibrantes numa tela grande de 11&#8221; e 90Hz<\/p>\n<p>Resolu\u00e7\u00e3o FHD+\u00a0para cores realistas e detalhes n\u00edtidos e velocidade de\u00a090Hz\u00a0para jogos competitivos.<\/p>\n<p>4 alto-falantes para um som envolvente e poderoso<\/p>\n<p>Tecnologia Dolby Atmos \u00a0traz suas m\u00fasicas e filmes \u00e0 vida como numa sala de cinema.<\/p>\n<p>Curta mais tempo com uma bateria de ultra dura\u00e7\u00e3o<\/p>\n<p>At\u00e9 14 horas de reprodu\u00e7\u00e3o de v\u00eddeo cont\u00ednua para voc\u00ea aproveitar viagens e maratonas de s\u00e9ries sem preocupa\u00e7\u00f5es.<\/p>\n<p>Pronto para todas as tarefas sem travamentos<\/p>\n<p>Processador Snapdragon 680 para mais velocidade em apps e jogos com expans\u00e3o gratuita de 3GB de mem\u00f3ria RAM, totalizando at\u00e9 7GB para uma performance ainda mais.<\/p>\n<\/div>\n","protected":false},"excerpt":{"rendered":"<div class=\"div15\">\n<div class=\"ui-pdp-container__row ui-pdp-container__row--highlighted-features-title\">\n<h2 class=\"ui-vpp-text-alignment--left ui-pdp-color--BLACK ui-pdp-size--XSMALL ui-pdp-family--SEMIBOLD highlighted-features-title\">O que voc\u00ea precisa saber sobre este produto<\/h2>\n<\/div>\n<div class=\"ui-pdp-container__row ui-pdp-container__row--highlighted-features\">\n<div class=\"ui-vpp-highlighted-specs__features\">\n<ul class=\"ui-vpp-highlighted-specs__features-list\">\n<li class=\"ui-vpp-highlighted-specs__features-list-item ui-pdp-color--BLACK ui-pdp-size--XSMALL ui-pdp-family--REGULAR\">Tamanho da tela: 0.279 m<\/li>\n<li class=\"ui-vpp-highlighted-specs__features-list-item ui-pdp-color--BLACK ui-pdp-size--XSMALL ui-pdp-family--REGULAR\">Capacidade: 128 GB<\/li>\n<li class=\"ui-vpp-highlighted-specs__features-list-item ui-pdp-color--BLACK ui-pdp-size--XSMALL ui-pdp-family--REGULAR\">Possui GPS.<\/li>\n<li class=\"ui-vpp-highlighted-specs__features-list-item ui-pdp-color--BLACK ui-pdp-size--XSMALL ui-pdp-family--REGULAR\">Projetado para levar a qualquer lugar.<\/li>\n<li class=\"ui-vpp-highlighted-specs__features-list-item ui-pdp-color--BLACK ui-pdp-size--XSMALL ui-pdp-family--REGULAR\">Pesa apenas 0.478kg.<\/li>\n<li class=\"ui-vpp-highlighted-specs__features-list-item ui-pdp-color--BLACK ui-pdp-size--XSMALL ui-pdp-family--REGULAR\">A dura\u00e7\u00e3o da bateria depende do uso que se d\u00ea ao produto.<\/li>\n<\/ul>\n<\/div>\n<\/div>\n<\/div>\n","protected":false},"featured_media":651,"comment_status":"open","ping_status":"closed","template":"","meta":{"_joinchat":[]},"product_cat":[24,29],"product_tag":[],"_links":{"self":[{"href":"https:\/\/nandotecno.store\/index.php?rest_route=\/wp\/v2\/product\/650"}],"collection":[{"href":"https:\/\/nandotecno.store\/index.php?rest_route=\/wp\/v2\/product"}],"about":[{"href":"https:\/\/nandotecno.store\/index.php?rest_route=\/wp\/v2\/types\/product"}],"replies":[{"embeddable":true,"href":"https:\/\/nandotecno.store\/index.php?rest_route=%2Fwp%2Fv2%2Fcomments&post=650"}],"wp:featuredmedia":[{"embeddable":true,"href":"https:\/\/nandotecno.store\/index.php?rest_route=\/wp\/v2\/media\/651"}],"wp:attachment":[{"href":"https:\/\/nandotecno.store\/index.php?rest_route=%2Fwp%2Fv2%2Fmedia&parent=650"}],"wp:term":[{"taxonomy":"product_cat","embeddable":true,"href":"https:\/\/nandotecno.store\/index.php?rest_route=%2Fwp%2Fv2%2Fproduct_cat&post=650"},{"taxonomy":"product_tag","embeddable":true,"href":"https:\/\/nandotecno.store\/index.php?rest_route=%2Fwp%2Fv2%2Fproduct_tag&post=650"}],"curies":[{"name":"wp","href":"https:\/\/api.w.org\/{rel}","templated":true}]}}