{"id":326,"date":"2024-03-01T12:43:08","date_gmt":"2024-03-01T12:43:08","guid":{"rendered":"https:\/\/envothemes.com\/envo-shop\/?post_type=product&#038;p=326"},"modified":"2024-07-18T05:27:18","modified_gmt":"2024-07-18T08:27:18","slug":"womens-dress","status":"publish","type":"product","link":"https:\/\/nandotecno.store\/?product=womens-dress","title":{"rendered":"Fone bluetooth earphones wireless headphones"},"content":{"rendered":"<p>Fone bluetooth earphones wireless headphones para xiaomi noise cancelling earbuds com microfone wireless bluetooth headset<\/p>\n<p>2x Bluetooth earphone<br \/>\n1x Endurance charging box<br \/>\n1x Charging cable<br \/>\n1x User&#8217;s manual<\/p>\n","protected":false},"excerpt":{"rendered":"<h1 class=\"a-size-base-plus a-text-bold\">Sobre este item<\/h1>\n<ul class=\"a-unordered-list a-vertical a-spacing-mini\">\n<li class=\"a-spacing-mini\"><span class=\"a-list-item\">Vers\u00e3o Bluetooth 5.0, usando frequ\u00eancia 2.4GHZ, consumo de energia ultra baixo<\/span><\/li>\n<li class=\"a-spacing-mini\"><span class=\"a-list-item\">Ambas as orelhas esquerda e direita t\u00eam fun\u00e7\u00e3o de fone de ouvido Bluetooth completa. Serve para ouvir m\u00fasicas e fazendo chamadas telef\u00f4nicas.<\/span><\/li>\n<li class=\"a-spacing-mini\"><span class=\"a-list-item\">Ele possui baterias de l\u00edtio recarreg\u00e1veis. Ele tem uma super capacidade de bateria podendo durar enquanto ouve suas m\u00fasicas de 2 a 3 horas, e pode fazer chamadas telef\u00f4nicas cont\u00ednuas.<\/span><\/li>\n<li class=\"a-spacing-mini\"><span class=\"a-list-item\">A tecnologia Bluetooth mais nova 5.0, alcance de at\u00e9 10 metros (sem obstru\u00e7\u00e3o)<\/span><\/li>\n<li class=\"a-spacing-mini\"><span class=\"a-list-item\">Possui fun\u00e7\u00e3o de cancelamento de ru\u00eddo inteligente CVC6.0.<\/span><\/li>\n<\/ul>\n","protected":false},"featured_media":636,"comment_status":"open","ping_status":"closed","template":"","meta":{"_joinchat":[]},"product_cat":[24,29],"product_tag":[],"_links":{"self":[{"href":"https:\/\/nandotecno.store\/index.php?rest_route=\/wp\/v2\/product\/326"}],"collection":[{"href":"https:\/\/nandotecno.store\/index.php?rest_route=\/wp\/v2\/product"}],"about":[{"href":"https:\/\/nandotecno.store\/index.php?rest_route=\/wp\/v2\/types\/product"}],"replies":[{"embeddable":true,"href":"https:\/\/nandotecno.store\/index.php?rest_route=%2Fwp%2Fv2%2Fcomments&post=326"}],"wp:featuredmedia":[{"embeddable":true,"href":"https:\/\/nandotecno.store\/index.php?rest_route=\/wp\/v2\/media\/636"}],"wp:attachment":[{"href":"https:\/\/nandotecno.store\/index.php?rest_route=%2Fwp%2Fv2%2Fmedia&parent=326"}],"wp:term":[{"taxonomy":"product_cat","embeddable":true,"href":"https:\/\/nandotecno.store\/index.php?rest_route=%2Fwp%2Fv2%2Fproduct_cat&post=326"},{"taxonomy":"product_tag","embeddable":true,"href":"https:\/\/nandotecno.store\/index.php?rest_route=%2Fwp%2Fv2%2Fproduct_tag&post=326"}],"curies":[{"name":"wp","href":"https:\/\/api.w.org\/{rel}","templated":true}]}}