{"id":325,"date":"2024-03-01T12:43:08","date_gmt":"2024-03-01T12:43:08","guid":{"rendered":"https:\/\/envothemes.com\/envo-shop\/?post_type=product&#038;p=325"},"modified":"2024-07-18T05:23:42","modified_gmt":"2024-07-18T08:23:42","slug":"top-pants-upper","status":"publish","type":"product","link":"https:\/\/nandotecno.store\/?product=top-pants-upper","title":{"rendered":"Power Bank Port\u00e1til Charger for V8"},"content":{"rendered":"<p>Power Bank tem 10.000 mAh. Imagine como \u00e9 chato voc\u00ea fora de casa e de repente seu telefone fica sem bateria. Com esse equipamento em m\u00e3os esse tipo de problema n\u00e3o acontece com mais. Voc\u00ea ter\u00e1 bateria sempre que precisar e com toda facilidade e praticidade poss\u00ed\u00advel.<\/p>\n<div class=\"sc-fqkvVR clbOvz sc-enDNfw jBOwpc\" data-testid=\"product-detail\"><span class=\"sc-kpDqfm qhIEo\" data-testid=\"product-detail-title\">Carga inteligente: Carregador Port\u00e1til Power Bank V8 &#8211; Adapte-se \u00e0 sua vida!<\/span><\/p>\n<div class=\"sc-fqkvVR heuZyN sc-ghHZHN isFvqv\" data-testid=\"product-detail-description\">\n<p>Certificado de homologa\u00e7\u00e3o da ANATEL 174112214028<\/p>\n<\/div>\n<\/div>\n<div class=\"sc-fqkvVR hlqElk\" data-testid=\"lazyload-container\"><\/div>\n","protected":false},"excerpt":{"rendered":"<div class=\"sc-fqkvVR clbOvz sc-enDNfw jBOwpc\" data-testid=\"product-detail\"><span class=\"sc-kpDqfm qhIEo\" data-testid=\"product-detail-title\">Carga inteligente: Carregador Port\u00e1til Power Bank V8 &#8211; Adapte-se \u00e0 sua vida!<\/span><\/p>\n<div class=\"sc-fqkvVR heuZyN sc-ghHZHN isFvqv\" data-testid=\"product-detail-description\">\n<div class=\"sc-fqkvVR hlqElk sc-cxVGID cMynUc\" data-testid=\"rich-content-container\">\n<p>Use seu dispositivo a qualquer hora, em qualquer lugar, garantindo um carregamento eficiente e seguro com o carregador da Pineng Carregador Port\u00e1til, powerbank, carregador turbo, carregador portatil, power bank V8.<\/p>\n<\/div>\n<\/div>\n<\/div>\n","protected":false},"featured_media":635,"comment_status":"open","ping_status":"closed","template":"","meta":{"_joinchat":[]},"product_cat":[24,29],"product_tag":[],"_links":{"self":[{"href":"https:\/\/nandotecno.store\/index.php?rest_route=\/wp\/v2\/product\/325"}],"collection":[{"href":"https:\/\/nandotecno.store\/index.php?rest_route=\/wp\/v2\/product"}],"about":[{"href":"https:\/\/nandotecno.store\/index.php?rest_route=\/wp\/v2\/types\/product"}],"replies":[{"embeddable":true,"href":"https:\/\/nandotecno.store\/index.php?rest_route=%2Fwp%2Fv2%2Fcomments&post=325"}],"wp:featuredmedia":[{"embeddable":true,"href":"https:\/\/nandotecno.store\/index.php?rest_route=\/wp\/v2\/media\/635"}],"wp:attachment":[{"href":"https:\/\/nandotecno.store\/index.php?rest_route=%2Fwp%2Fv2%2Fmedia&parent=325"}],"wp:term":[{"taxonomy":"product_cat","embeddable":true,"href":"https:\/\/nandotecno.store\/index.php?rest_route=%2Fwp%2Fv2%2Fproduct_cat&post=325"},{"taxonomy":"product_tag","embeddable":true,"href":"https:\/\/nandotecno.store\/index.php?rest_route=%2Fwp%2Fv2%2Fproduct_tag&post=325"}],"curies":[{"name":"wp","href":"https:\/\/api.w.org\/{rel}","templated":true}]}}