{"id":324,"date":"2024-03-01T12:43:08","date_gmt":"2024-03-01T12:43:08","guid":{"rendered":"https:\/\/envothemes.com\/envo-shop\/?post_type=product&#038;p=324"},"modified":"2024-07-18T05:17:02","modified_gmt":"2024-07-18T08:17:02","slug":"bikini","status":"publish","type":"product","link":"https:\/\/nandotecno.store\/?product=bikini","title":{"rendered":"Xiaomi Redmi Note 13 Pro + 5G 256 GB 6.67&#8243; OLED 200MP 5000mAh"},"content":{"rendered":"<p>Processador<\/p>\n<p><span class=\"xm-text f-bold \" data-key=\"spec_5\" data-type=\"text\" data-id=\"effc52d893\">Plataforma m\u00f3vel Snapdragon\u00ae 7s Gen 2<\/span><span class=\"xm-text f-light \" data-key=\"spec_6\" data-type=\"text\" data-id=\"0e3223a7ee\">Tecnologia de processo de 4\u00a0nm<\/span><span class=\"xm-text f-light \" data-key=\"spec_7\" data-type=\"text\" data-id=\"308b50a033\">CPU: CPU de oito n\u00facleos de at\u00e9 2,4 GHz<\/span><span class=\"xm-text f-light \" data-key=\"spec_8\" data-type=\"text\" data-id=\"a5c9ae0379\">GPU: Adreno GPU.<\/span><\/p>\n<p>Armazenamento e RAM<\/p>\n<p><span class=\"xm-text f-bold \" data-key=\"spec_10\" data-type=\"text\" data-id=\"b68901f5aa\">8 + 256\u00a0GB<\/span><span class=\"xm-text f-light \" data-key=\"spec_11\" data-type=\"text\" data-id=\"0f585e5edb\">LPDDR4X + UFS 2.2<\/span><span class=\"xm-text f-light \" data-key=\"spec_12\" data-type=\"text\" data-id=\"413348a49b\">*As configura\u00e7\u00f5es dispon\u00edveis podem diferir entre diferentes regi\u00f5es. *As mem\u00f3rias RAM e de armazenamento dispon\u00edveis s\u00e3o menores que a mem\u00f3ria total devido ao armazenamento do sistema operacional e dos softwares pr\u00e9-instalados no dispositivo.<\/span><\/p>\n<p>Dimens\u00f5es<\/p>\n<p><span class=\"xm-text f-light \" data-key=\"spec_14\" data-type=\"text\" data-id=\"e30aa33e0b\">Altura: 161,15 mm<\/span><span class=\"xm-text f-light \" data-key=\"spec_15\" data-type=\"text\" data-id=\"4324f2c478\">Largura: 74,24 mm<\/span><span class=\"xm-text f-light \" data-key=\"spec_16\" data-type=\"text\" data-id=\"c9750e593e\">Espessura: 7,98\u00a0mm<\/span><span class=\"xm-text f-light \" data-key=\"spec_17\" data-type=\"text\" data-id=\"fdc5d72901\">Peso: 187\u00a0g<\/span><span class=\"xm-text f-light \" data-key=\"spec_18\" data-type=\"text\" data-id=\"bed668186a\">Os dados relativos \u00e0s dimens\u00f5es e ao peso s\u00e3o fornecidos por laborat\u00f3rios internos. Os resultados reais podem diferir.<\/span><\/p>\n<p>Tela<\/p>\n<p><span class=\"xm-text f-bold \" data-key=\"spec_20\" data-type=\"text\" data-id=\"62023a1c0e\">Tela AMOLED de 6,67&#8243;<\/span><span class=\"xm-text f-light \" data-key=\"spec_21\" data-type=\"text\" data-id=\"6325f86c00\">Taxa de atualiza\u00e7\u00e3o: At\u00e9 120\u00a0Hz<\/span><span class=\"xm-text f-light \" data-key=\"spec_22\" data-type=\"text\" data-id=\"09007bdcc5\">Brilho: Pico de brilho de 1800 nits<\/span><span class=\"xm-text f-light \" data-key=\"spec_23\" data-type=\"text\" data-id=\"f031d76f85\">Profundidade de cor: 12 bits<\/span><span class=\"xm-text f-light \" data-key=\"spec_24\" data-type=\"text\" data-id=\"02324a2365\">Taxa de contraste: 5.000.000:1<\/span><span class=\"xm-text f-light \" data-key=\"spec_25\" data-type=\"text\" data-id=\"39feed82bf\">Resolu\u00e7\u00e3o: 2712 x 1220, 446 PPI<\/span><span class=\"xm-text f-light \" data-key=\"spec_26\" data-type=\"text\" data-id=\"3eae55f9ed\">Gama de cores: DCI-P3\u00a0100%*<\/span><span class=\"xm-text f-light \" data-key=\"spec_27\" data-type=\"text\" data-id=\"2a3608863c\">Corning\u00ae Gorilla\u00ae Glass Victus\u00ae<\/span><span class=\"xm-text f-light \" data-key=\"spec_28\" data-type=\"text\" data-id=\"6c299468d9\">Escurecimento PWM de 1920\u00a0Hz<\/span><span class=\"xm-text f-light \" data-key=\"spec_29\" data-type=\"text\" data-id=\"0216ba02c6\">16.000 n\u00edveis de ajuste de brilho<\/span><span class=\"xm-text f-light \" data-key=\"spec_30\" data-type=\"text\" data-id=\"de750146fb\">Compat\u00edvel com Dolby Vision\u00ae<\/span><span class=\"xm-text f-light \" data-key=\"spec_31\" data-type=\"text\" data-id=\"456b075e46\">Certificado pela T\u00dcV Rheinland como baixa emiss\u00e3o de luz azul (solu\u00e7\u00e3o de hardware)<\/span><span class=\"xm-text f-light \" data-key=\"spec_32\" data-type=\"text\" data-id=\"290c8bc57c\">Certificado pela T\u00dcV Rheinland como amig\u00e1vel ao ciclo circadiano<\/span><span class=\"xm-text f-light \" data-key=\"spec_33\" data-type=\"text\" data-id=\"7e06641577\">Certificado pela T\u00dcV Rheinland como livre de cintila\u00e7\u00e3o.<\/span><\/p>\n<p>C\u00e2mera traseira<\/p>\n<p><span class=\"xm-text f-bold \" data-key=\"spec_35\" data-type=\"text\" data-id=\"79ad7dda43\">C\u00e2mera tripla de 200\u00a0MP + 8\u00a0MP + 2\u00a0MP<\/span><span class=\"xm-text f-bold \" data-key=\"spec_36\" data-type=\"text\" data-id=\"16b58c245c\">C\u00e2mera principal de 200\u00a0MP <\/span><span class=\"xm-text f-light \" data-key=\"spec_37\" data-type=\"text\" data-id=\"01c18fdafe\">OIS<\/span><span class=\"xm-text f-light \" data-key=\"spec_38\" data-type=\"text\" data-id=\"5bc1b6f563\">f\/1,65<\/span><span class=\"xm-text f-light \" data-key=\"spec_39\" data-type=\"text\" data-id=\"c9fb22608e\">Compartimenta\u00e7\u00e3o 16 em 1 para um super pixel de 2,24\u00a0\u03bcm<\/span><span class=\"xm-text f-light \" data-key=\"spec_40\" data-type=\"text\" data-id=\"54aa899add\">Tamanho do sensor: 1\/1,4&#8243;<\/span><span class=\"xm-text f-light \" data-key=\"spec_41\" data-type=\"text\" data-id=\"b3a4255725\">Lente 7P<\/span><span class=\"xm-text f-bold \" data-key=\"spec_42\" data-type=\"text\" data-id=\"fcb96121fa\">C\u00e2mera ultra-angular de 8\u00a0MP<\/span><span class=\"xm-text f-light \" data-key=\"spec_43\" data-type=\"text\" data-id=\"cc7d96c3e3\">f\/2,2<\/span><span class=\"xm-text f-bold \" data-key=\"spec_44\" data-type=\"text\" data-id=\"b164c3d25d\">C\u00e2mera macro de 2\u00a0MP<\/span><span class=\"xm-text f-light \" data-key=\"spec_45\" data-type=\"text\" data-id=\"2c63e31c48\">f\/2,4<\/span><span class=\"xm-text f-bold \" data-key=\"spec_46\" data-type=\"text\" data-id=\"e800562df3\">Grava\u00e7\u00e3o de v\u00eddeo com a c\u00e2mera traseira<\/span><span class=\"xm-text f-light \" data-key=\"spec_47\" data-type=\"text\" data-id=\"9c3b31007e\">4K 3.840 x 2.160 a 30 fps<\/span><span class=\"xm-text f-light \" data-key=\"spec_48\" data-type=\"text\" data-id=\"bdb65484b0\">1080p 1920 x 1080 a 30\/60\u00a0fps<\/span><span class=\"xm-text f-light \" data-key=\"spec_49\" data-type=\"text\" data-id=\"af0b7fa46e\">720p 1280 x 720 a 30\u00a0fps<\/span><span class=\"xm-text f-light \" data-key=\"spec_50\" data-type=\"text\" data-id=\"3662cd0155\">C\u00e2mera lenta: 1080p 1920 x 1080 em 120 fps<\/span><span class=\"xm-text f-light \" data-key=\"spec_51\" data-type=\"text\" data-id=\"528531b7d8\">C\u00e2mera lenta: 720p 1280 x 720 a 120\/240 fps.<\/span><\/p>\n<p>C\u00e2mera frontal<\/p>\n<p><span class=\"xm-text f-bold \" data-key=\"spec_53\" data-type=\"text\" data-id=\"4ad32f1282\">C\u00e2mera de 16\u00a0MP<\/span><span class=\"xm-text f-light \" data-key=\"spec_54\" data-type=\"text\" data-id=\"985bdaa1cc\">f\/2,4<\/span><span class=\"xm-text f-bold \" data-key=\"spec_55\" data-type=\"text\" data-id=\"2fdf4269c7\">Grava\u00e7\u00e3o de v\u00eddeo com a c\u00e2mera frontal<\/span><span class=\"xm-text f-light \" data-key=\"spec_56\" data-type=\"text\" data-id=\"98e4dc75f1\">1080p 1920 x 1080 a 30\/60\u00a0fps<\/span><span class=\"xm-text f-light \" data-key=\"spec_57\" data-type=\"text\" data-id=\"3af9ccaa0b\">720p 1280 x 720 a 30 fps.<\/span><\/p>\n<p>Bateria e carregamento<\/p>\n<p><span class=\"xm-text f-light \" data-key=\"spec_59\" data-type=\"text\" data-id=\"4535c816f1\">Bateria de 5100\u00a0mAh (typ)<\/span><span class=\"xm-text f-light \" data-key=\"spec_60\" data-type=\"text\" data-id=\"e2705627e0\">Compat\u00edvel com carregamento turbo de 67\u00a0W<\/span><span class=\"xm-text f-light \" data-key=\"spec_61\" data-type=\"text\" data-id=\"264439ae59\">USB-C<\/span><span class=\"xm-text f-light \" data-key=\"spec_62\" data-type=\"text\" data-id=\"2eeaeae69d\">Carregador de 67\u00a0W inclu\u00eddo na embalagem<\/span><span class=\"xm-text f-light \" data-key=\"spec_63\" data-type=\"text\" data-id=\"897f3d0cf0\">*O adaptador de energia \u00e9 vendido separadamente em certas regi\u00f5es.<\/span><\/p>\n<p>Seguran\u00e7a<\/p>\n<p><span class=\"xm-text f-light \" data-key=\"spec_65\" data-type=\"text\" data-id=\"0dc0744ecd\">Sensor de impress\u00e3o digital na tela<\/span><span class=\"xm-text f-light \" data-key=\"spec_66\" data-type=\"text\" data-id=\"8cae001ad8\">Desbloqueio por reconhecimento facial com IA.<\/span><\/p>\n<p>NFC<\/p>\n<p><span class=\"xm-text f-light \" data-key=\"spec_68\" data-type=\"text\" data-id=\"84fcdc2107\">Sim*<\/span><span class=\"xm-text f-light \" data-key=\"spec_69\" data-type=\"text\" data-id=\"9d329b7344\">*A fun\u00e7\u00e3o NFC pode variar entre mercados.<\/span><\/p>\n<p>Rede e conectividade<\/p>\n<p><span class=\"xm-text f-bold \" data-key=\"spec_71\" data-type=\"text\" data-id=\"2954302ee3\">Dual SIM (nano SIM + nano SIM ou nano SIM + eSIM)<\/span><span class=\"xm-text f-bold \" data-key=\"spec_72\" data-type=\"text\" data-id=\"5cccab397f\">Bandas de rede<\/span><span class=\"xm-text f-light \" data-key=\"spec_73\" data-type=\"text\" data-id=\"b810836d24\">2G: GSM: 850, 900, 1800, 1900\u00a0MHz<\/span><span class=\"xm-text f-light \" data-key=\"spec_74\" data-type=\"text\" data-id=\"8b4f1c3f8e\">3G: WCDMA: 1\/2\/4\/5\/6\/8\/19<\/span><span class=\"xm-text f-light \" data-key=\"spec_75\" data-type=\"text\" data-id=\"2b874dc387\">4G: LTE FDD: 1\/2\/3\/4\/5\/7\/8\/12\/13\/17\/18\/19\/20\/26\/28\/32\/66<\/span><span class=\"xm-text f-light \" data-key=\"spec_76\" data-type=\"text\" data-id=\"943b7fbe3b\">4G: LTE TDD: 38\/40\/41<\/span><span class=\"xm-text f-light \" data-key=\"spec_77\" data-type=\"text\" data-id=\"cbdd5f36fa\">5G: n1\/3\/5\/7\/8\/20\/28\/38\/40\/41\/66\/77\/78<\/span><span class=\"xm-text f-light \" data-key=\"spec_78\" data-type=\"text\" data-id=\"0acf201322\">*A conectividade 5G pode variar de acordo com a disponibilidade na regi\u00e3o e o suporte da operadora local.<\/span><span class=\"xm-text f-bold \" data-key=\"spec_79\" data-type=\"text\" data-id=\"db643f7edb\">Redes sem fio<\/span><span class=\"xm-text f-light \" data-key=\"spec_80\" data-type=\"text\" data-id=\"4d9054e4e3\">Wi-Fi: Wi-Fi 5\/Wi-Fi 4\/802.11a\/b\/g<\/span><span class=\"xm-text f-light \" data-key=\"spec_81\" data-type=\"text\" data-id=\"7770bb9e0c\">Compat\u00edvel com 2&#215;2 MIMO, Wi-Fi Direct<\/span><span class=\"xm-text f-light \" data-key=\"spec_82\" data-type=\"text\" data-id=\"e560fc4b8a\">Bluetooth 5.2<\/span><\/p>\n<p>Navega\u00e7\u00e3o e posicionamento<\/p>\n<p>Beidou: B1I+ B1C\uff5cGPS:L1\uff5cGalileo: E1 | GLONASS:G1 | QZSS:L1 | A-GNSS: A-GPS\/A-GLONASS\/A-BDS | Rede sem fio | Rede de dados | Posicionamento assistido por sensor.<\/p>\n<p>Resistente a respingos, \u00e1gua e poeira<\/p>\n<p><span class=\"xm-text f-light \" data-key=\"spec_90\" data-type=\"text\" data-id=\"0da0150810\">IP54<\/span><span class=\"xm-text f-light \" data-key=\"spec_91\" data-type=\"text\" data-id=\"b2a64ba00f\">*O dispositivo com grau de prote\u00e7\u00e3o IP54 foi testado para ser resistente a respingos e poeira em condi\u00e7\u00f5es de laborat\u00f3rio espec\u00edficas com a classifica\u00e7\u00e3o IP54 de prote\u00e7\u00e3o de entrada com base nas normas IEC 60529:1989+A1:1999+A2:2013.<\/span><\/p>\n<p>Sensores<\/p>\n<p>Sensor de proximidade | Sensor de luz ambiente | Aceler\u00f4metro | B\u00fassola eletr\u00f4nica | IR Blaster | Girosc\u00f3pio | Motor linear de eixo X.<\/p>\n<p>Sistema operacional<\/p>\n<p>MIUI 14<\/p>\n<p>Conte\u00fado da embalagem<\/p>\n<p><span class=\"xm-text f-light \" data-key=\"spec_97\" data-type=\"text\" data-id=\"371a8bd5ea\">Redmi Note 13 Pro 5G\/Adaptador\/Cabo USB Tipo C\/Ferramenta de eje\u00e7\u00e3o do SIM\/Capa de prote\u00e7\u00e3o\/Guia de in\u00edcio r\u00e1pido\/Cart\u00e3o de garantia<\/span><span class=\"xm-text f-light \" data-key=\"spec_98\" data-type=\"text\" data-id=\"e3d4ee79d3\">*O conte\u00fado do pacote pode ser diferente em diferentes regi\u00f5es.<\/span><\/p>\n","protected":false},"excerpt":{"rendered":"<div class=\"div15\"><span class=\"xm-text split_text1126 f-bold\" data-key=\"ksp_3\" data-type=\"text\" data-id=\"ebic5eqfs5\">Tela suave de 6,74&#8243; com 90 Hz<\/span><\/div>\n<div class=\"div16\"><span class=\"xm-text split_text1127 f-light\" data-key=\"ksp_4\" data-type=\"text\" data-id=\"hpcossek6v\">Experi\u00eancia visual fluida e satisfat\u00f3ria.<\/span><\/div>\n<div><\/div>\n<div>\n<div class=\"div19\"><span class=\"xm-text split_text1128 f-bold\" data-key=\"ksp_5\" data-type=\"text\" data-id=\"in9nrqri12\">C\u00e2mera tripla de 50\u00a0MP com IA<\/span><\/div>\n<div class=\"div20\"><span class=\"xm-text split_text1129 f-light\" data-key=\"ksp_6\" data-type=\"text\" data-id=\"hcxc2gcxlx\">Novos e divertidos estilos de filtro com a filmCamera.<\/span><\/div>\n<\/div>\n","protected":false},"featured_media":631,"comment_status":"open","ping_status":"closed","template":"","meta":{"_joinchat":[]},"product_cat":[24,29],"product_tag":[],"_links":{"self":[{"href":"https:\/\/nandotecno.store\/index.php?rest_route=\/wp\/v2\/product\/324"}],"collection":[{"href":"https:\/\/nandotecno.store\/index.php?rest_route=\/wp\/v2\/product"}],"about":[{"href":"https:\/\/nandotecno.store\/index.php?rest_route=\/wp\/v2\/types\/product"}],"replies":[{"embeddable":true,"href":"https:\/\/nandotecno.store\/index.php?rest_route=%2Fwp%2Fv2%2Fcomments&post=324"}],"wp:featuredmedia":[{"embeddable":true,"href":"https:\/\/nandotecno.store\/index.php?rest_route=\/wp\/v2\/media\/631"}],"wp:attachment":[{"href":"https:\/\/nandotecno.store\/index.php?rest_route=%2Fwp%2Fv2%2Fmedia&parent=324"}],"wp:term":[{"taxonomy":"product_cat","embeddable":true,"href":"https:\/\/nandotecno.store\/index.php?rest_route=%2Fwp%2Fv2%2Fproduct_cat&post=324"},{"taxonomy":"product_tag","embeddable":true,"href":"https:\/\/nandotecno.store\/index.php?rest_route=%2Fwp%2Fv2%2Fproduct_tag&post=324"}],"curies":[{"name":"wp","href":"https:\/\/api.w.org\/{rel}","templated":true}]}}